{"id":7266,"date":"2017-02-01T17:36:31","date_gmt":"2017-02-01T16:36:31","guid":{"rendered":"http:\/\/serwer1794989.home.pl\/zs\/home\/platne\/serwer22843\/public_html\/?page_id=7266"},"modified":"2026-01-31T19:53:14","modified_gmt":"2026-01-31T18:53:14","slug":"plan-lekcji-ii-semestr-20162017","status":"publish","type":"page","link":"https:\/\/spsiennica.pl\/index.php\/plan-lekcji-ii-semestr-20162017\/","title":{"rendered":"Plan lekcji II semestr 2025\/2026"},"content":{"rendered":"<p>[vc_row][vc_column][stm_spacing lg_spacing=&#8221;50px&#8221; md_spacing=&#8221;30px&#8221;][\/vc_column][\/vc_row][vc_row][vc_column width=&#8221;1\/3&#8243;][\/vc_column][vc_column width=&#8221;1\/3&#8243;][stm_btn_simple btn_alignment=&#8221;center&#8221; btn_link=&#8221;url:https%3A%2F%2Fspsiennica.pl%2FDokumenty_Szkolne%2FPL2026_II%2FPlan_poziomy_01-02.pdf|title:Klasy%204-5|target:_blank&#8221; btn_link_text=&#8221;PLAN LEKCJI&#8221;][vc_row_inner][vc_column_inner][\/vc_column_inner][\/vc_row_inner][\/vc_column][vc_column width=&#8221;1\/3&#8243;][\/vc_column][\/vc_row][vc_row disable_element=&#8221;yes&#8221;][vc_column width=&#8221;1\/3&#8243;][stm_btn_simple btn_alignment=&#8221;center&#8221; btn_link=&#8221;url:https%3A%2F%2Fspsiennica.pl%2FDokumenty_Szkolne%2FPL2024%2FKl.1-3.pdf|title:Szko%C5%82a%20Podstawowa|target:_blank&#8221; btn_link_text=&#8221;Klasy I &#8211; III Szko\u0142y Podstawowej&#8221;][vc_row_inner][vc_column_inner][\/vc_column_inner][\/vc_row_inner][vc_row_inner disable_element=&#8221;yes&#8221;][vc_column_inner][\/vc_column_inner][\/vc_row_inner][\/vc_column][vc_column width=&#8221;1\/3&#8243;][stm_btn_simple btn_alignment=&#8221;center&#8221; btn_link=&#8221;url:https%3A%2F%2Fspsiennica.pl%2FDokumenty_Szkolne%2FPL2024%2FPLAN_klasy4-5.pdf|title:Klasy%204-5|target:_blank&#8221; btn_link_text=&#8221;Klasy IV &#8211; V Szko\u0142y Podstawowej&#8221;][vc_row_inner][vc_column_inner][\/vc_column_inner][\/vc_row_inner][vc_row_inner disable_element=&#8221;yes&#8221;][vc_column_inner][stm_btn_simple btn_alignment=&#8221;center&#8221; btn_link=&#8221;url:http%3A%2F%2Fspsiennica.pl%2FDokumenty_Szkolne%2FPL2018%2FVI-III.pdf|title:Szko%C5%82a%20Podstawowa|target:%20_blank|&#8221; btn_link_text=&#8221;Klasy VI &#8211; VIII Szko\u0142y Podstawowej oraz III Gimnazjum&#8221;][\/vc_column_inner][\/vc_row_inner][\/vc_column][vc_column width=&#8221;1\/3&#8243;][stm_btn_simple btn_alignment=&#8221;center&#8221; btn_link=&#8221;url:https%3A%2F%2Fspsiennica.pl%2FDokumenty_Szkolne%2FPL2024%2FPLAN_klasy6-8.pdf|title:Szko%C5%82a%20Podstawowa|target:_blank&#8221; btn_link_text=&#8221;Klasy VI &#8211; VIII Szko\u0142y Podstawowej&#8221;][\/vc_column][\/vc_row][vc_row][vc_column][stm_spacing lg_spacing=&#8221;50px&#8221; md_spacing=&#8221;30px&#8221;][\/vc_column][\/vc_row][vc_row][vc_column][stm_title title=&#8221;Godziny rozpocz\u0119cia i zako\u0144czenia zaj\u0119\u0107 lekcyjnych&#8221;][\/stm_title][\/vc_column][\/vc_row][vc_row][vc_column][stm_spacing lg_spacing=&#8221;50px&#8221; md_spacing=&#8221;30px&#8221;][\/vc_column][\/vc_row][vc_row][vc_column width=&#8221;1\/3&#8243;][\/vc_column][vc_column width=&#8221;1\/3&#8243;][vc_column_text]<\/p>\n<table class=\" aligncenter\">\n<tbody>\n<tr>\n<td width=\"90\"><strong>&nbsp;<\/strong><\/p>\n<p><strong>Lekcja<\/strong><\/td>\n<td width=\"338\"><strong>&nbsp;<\/strong><\/p>\n<p><strong>Godzina rozpocz\u0119cia lekcji<\/strong><\/td>\n<td width=\"338\"><strong>&nbsp;<\/strong><\/p>\n<p><strong>Godzina zako\u0144czenia lekcji<\/strong><\/td>\n<\/tr>\n<tr>\n<td width=\"90\"><strong>1.<\/strong><\/td>\n<td width=\"338\"><strong>8:00<\/strong><\/td>\n<td width=\"338\"><strong>8:45<\/strong><\/td>\n<\/tr>\n<tr>\n<td width=\"90\"><strong>2.<\/strong><\/td>\n<td width=\"338\"><strong>8:55<\/strong><\/td>\n<td width=\"338\"><strong>9:40<\/strong><\/td>\n<\/tr>\n<tr>\n<td width=\"90\"><strong>3.<\/strong><\/td>\n<td width=\"338\"><strong>9:50<\/strong><\/td>\n<td width=\"338\"><strong>10:35<\/strong><\/td>\n<\/tr>\n<tr>\n<td width=\"90\"><strong>4.<\/strong><\/td>\n<td width=\"338\"><strong>10:50<\/strong><\/td>\n<td width=\"338\"><strong>11:35<\/strong><\/td>\n<\/tr>\n<tr>\n<td width=\"90\"><strong>5.<\/strong><\/td>\n<td width=\"338\"><strong>11:50<\/strong><\/td>\n<td width=\"338\"><strong>12:35<\/strong><\/td>\n<\/tr>\n<tr>\n<td width=\"90\"><strong>6.<\/strong><\/td>\n<td width=\"338\"><strong>12:45<\/strong><\/td>\n<td width=\"338\"><strong>13:30<\/strong><\/td>\n<\/tr>\n<tr>\n<td width=\"90\"><strong>7.<\/strong><\/td>\n<td width=\"338\"><strong>13:40<\/strong><\/td>\n<td width=\"338\"><strong>14:25<\/strong><\/td>\n<\/tr>\n<tr>\n<td width=\"90\"><strong>8.<\/strong><\/td>\n<td width=\"338\"><strong>14:30<\/strong><\/td>\n<td width=\"338\"><strong>15:15<\/strong><\/td>\n<\/tr>\n<\/tbody>\n<\/table>\n<p style=\"text-align: center;\">&nbsp;<\/p>\n<p>[\/vc_column_text][\/vc_column][vc_column width=&#8221;1\/3&#8243;][\/vc_column][\/vc_row][vc_row][vc_column][stm_spacing lg_spacing=&#8221;50px&#8221; md_spacing=&#8221;30px&#8221;][\/vc_column][\/vc_row]<\/p>\n","protected":false},"excerpt":{"rendered":"<p>[vc_row][vc_column][stm_spacing lg_spacing=&#8221;50px&#8221; md_spacing=&#8221;30px&#8221;][\/vc_column][\/vc_row][vc_row][vc_column width=&#8221;1\/3&#8243;][\/vc_column][vc_column width=&#8221;1\/3&#8243;][stm_btn_simple btn_alignment=&#8221;center&#8221; btn_link=&#8221;url:https%3A%2F%2Fspsiennica.pl%2FDokumenty_Szkolne%2FPL2026_II%2FPlan_poziomy_01-02.pdf|title:Klasy%204-5|target:_blank&#8221; btn_link_text=&#8221;PLAN LEKCJI&#8221;][vc_row_inner][vc_column_inner][\/vc_column_inner][\/vc_row_inner][\/vc_column][vc_column width=&#8221;1\/3&#8243;][\/vc_column][\/vc_row][vc_row disable_element=&#8221;yes&#8221;][vc_column width=&#8221;1\/3&#8243;][stm_btn_simple btn_alignment=&#8221;center&#8221; btn_link=&#8221;url:https%3A%2F%2Fspsiennica.pl%2FDokumenty_Szkolne%2FPL2024%2FKl.1-3.pdf|title:Szko%C5%82a%20Podstawowa|target:_blank&#8221; btn_link_text=&#8221;Klasy I &#8211; III Szko\u0142y Podstawowej&#8221;][vc_row_inner][vc_column_inner][\/vc_column_inner][\/vc_row_inner][vc_row_inner disable_element=&#8221;yes&#8221;][vc_column_inner][\/vc_column_inner][\/vc_row_inner][\/vc_column][vc_column width=&#8221;1\/3&#8243;][stm_btn_simple btn_alignment=&#8221;center&#8221; btn_link=&#8221;url:https%3A%2F%2Fspsiennica.pl%2FDokumenty_Szkolne%2FPL2024%2FPLAN_klasy4-5.pdf|title:Klasy%204-5|target:_blank&#8221; btn_link_text=&#8221;Klasy IV &#8211; V Szko\u0142y Podstawowej&#8221;][vc_row_inner][vc_column_inner][\/vc_column_inner][\/vc_row_inner][vc_row_inner disable_element=&#8221;yes&#8221;][vc_column_inner][stm_btn_simple btn_alignment=&#8221;center&#8221; btn_link=&#8221;url:http%3A%2F%2Fspsiennica.pl%2FDokumenty_Szkolne%2FPL2018%2FVI-III.pdf|title:Szko%C5%82a%20Podstawowa|target:%20_blank|&#8221; btn_link_text=&#8221;Klasy VI &#8211; VIII Szko\u0142y Podstawowej oraz III Gimnazjum&#8221;][\/vc_column_inner][\/vc_row_inner][\/vc_column][vc_column width=&#8221;1\/3&#8243;][stm_btn_simple btn_alignment=&#8221;center&#8221; btn_link=&#8221;url:https%3A%2F%2Fspsiennica.pl%2FDokumenty_Szkolne%2FPL2024%2FPLAN_klasy6-8.pdf|title:Szko%C5%82a%20Podstawowa|target:_blank&#8221; btn_link_text=&#8221;Klasy VI &#8211; VIII Szko\u0142y Podstawowej&#8221;][\/vc_column][\/vc_row][vc_row][vc_column][stm_spacing lg_spacing=&#8221;50px&#8221; md_spacing=&#8221;30px&#8221;][\/vc_column][\/vc_row][vc_row][vc_column][stm_title title=&#8221;Godziny rozpocz\u0119cia [&hellip;]<\/p>\n","protected":false},"author":1,"featured_media":0,"parent":0,"menu_order":0,"comment_status":"closed","ping_status":"closed","template":"","meta":{"ngg_post_thumbnail":0,"footnotes":""},"class_list":["post-7266","page","type-page","status-publish","hentry"],"uagb_featured_image_src":{"full":false,"thumbnail":false,"medium":false,"medium_large":false,"large":false,"1536x1536":false,"2048x2048":false,"post-thumbnail":false},"uagb_author_info":{"display_name":"admin","author_link":"https:\/\/spsiennica.pl\/index.php\/author\/admin\/"},"uagb_comment_info":0,"uagb_excerpt":"[vc_row][vc_column][stm_spacing lg_spacing=&#8221;50px&#8221; md_spacing=&#8221;30px&#8221;][\/vc_column][\/vc_row][vc_row][vc_column width=&#8221;1\/3&#8243;][\/vc_column][vc_column width=&#8221;1\/3&#8243;][stm_btn_simple btn_alignment=&#8221;center&#8221; btn_link=&#8221;url:https%3A%2F%2Fspsiennica.pl%2FDokumenty_Szkolne%2FPL2026_II%2FPlan_poziomy_01-02.pdf|title:Klasy%204-5|target:_blank&#8221; btn_link_text=&#8221;PLAN LEKCJI&#8221;][vc_row_inner][vc_column_inner][\/vc_column_inner][\/vc_row_inner][\/vc_column][vc_column width=&#8221;1\/3&#8243;][\/vc_column][\/vc_row][vc_row disable_element=&#8221;yes&#8221;][vc_column width=&#8221;1\/3&#8243;][stm_btn_simple btn_alignment=&#8221;center&#8221; btn_link=&#8221;url:https%3A%2F%2Fspsiennica.pl%2FDokumenty_Szkolne%2FPL2024%2FKl.1-3.pdf|title:Szko%C5%82a%20Podstawowa|target:_blank&#8221; btn_link_text=&#8221;Klasy I &#8211; III Szko\u0142y Podstawowej&#8221;][vc_row_inner][vc_column_inner][\/vc_column_inner][\/vc_row_inner][vc_row_inner disable_element=&#8221;yes&#8221;][vc_column_inner][\/vc_column_inner][\/vc_row_inner][\/vc_column][vc_column width=&#8221;1\/3&#8243;][stm_btn_simple btn_alignment=&#8221;center&#8221; btn_link=&#8221;url:https%3A%2F%2Fspsiennica.pl%2FDokumenty_Szkolne%2FPL2024%2FPLAN_klasy4-5.pdf|title:Klasy%204-5|target:_blank&#8221; btn_link_text=&#8221;Klasy IV &#8211; V Szko\u0142y Podstawowej&#8221;][vc_row_inner][vc_column_inner][\/vc_column_inner][\/vc_row_inner][vc_row_inner disable_element=&#8221;yes&#8221;][vc_column_inner][stm_btn_simple btn_alignment=&#8221;center&#8221; btn_link=&#8221;url:http%3A%2F%2Fspsiennica.pl%2FDokumenty_Szkolne%2FPL2018%2FVI-III.pdf|title:Szko%C5%82a%20Podstawowa|target:%20_blank|&#8221; btn_link_text=&#8221;Klasy VI &#8211; VIII Szko\u0142y Podstawowej oraz III Gimnazjum&#8221;][\/vc_column_inner][\/vc_row_inner][\/vc_column][vc_column width=&#8221;1\/3&#8243;][stm_btn_simple btn_alignment=&#8221;center&#8221; btn_link=&#8221;url:https%3A%2F%2Fspsiennica.pl%2FDokumenty_Szkolne%2FPL2024%2FPLAN_klasy6-8.pdf|title:Szko%C5%82a%20Podstawowa|target:_blank&#8221; btn_link_text=&#8221;Klasy VI &#8211; VIII Szko\u0142y Podstawowej&#8221;][\/vc_column][\/vc_row][vc_row][vc_column][stm_spacing lg_spacing=&#8221;50px&#8221; md_spacing=&#8221;30px&#8221;][\/vc_column][\/vc_row][vc_row][vc_column][stm_title title=&#8221;Godziny rozpocz\u0119cia&hellip;","_links":{"self":[{"href":"https:\/\/spsiennica.pl\/index.php\/wp-json\/wp\/v2\/pages\/7266","targetHints":{"allow":["GET"]}}],"collection":[{"href":"https:\/\/spsiennica.pl\/index.php\/wp-json\/wp\/v2\/pages"}],"about":[{"href":"https:\/\/spsiennica.pl\/index.php\/wp-json\/wp\/v2\/types\/page"}],"author":[{"embeddable":true,"href":"https:\/\/spsiennica.pl\/index.php\/wp-json\/wp\/v2\/users\/1"}],"replies":[{"embeddable":true,"href":"https:\/\/spsiennica.pl\/index.php\/wp-json\/wp\/v2\/comments?post=7266"}],"version-history":[{"count":67,"href":"https:\/\/spsiennica.pl\/index.php\/wp-json\/wp\/v2\/pages\/7266\/revisions"}],"predecessor-version":[{"id":55991,"href":"https:\/\/spsiennica.pl\/index.php\/wp-json\/wp\/v2\/pages\/7266\/revisions\/55991"}],"wp:attachment":[{"href":"https:\/\/spsiennica.pl\/index.php\/wp-json\/wp\/v2\/media?parent=7266"}],"curies":[{"name":"wp","href":"https:\/\/api.w.org\/{rel}","templated":true}]}}