{"id":4021,"date":"2016-09-29T06:51:31","date_gmt":"2016-09-29T04:51:31","guid":{"rendered":"http:\/\/serwer1794989.home.pl\/zs\/home\/platne\/serwer22843\/public_html\/?page_id=4021"},"modified":"2023-09-20T12:27:24","modified_gmt":"2023-09-20T10:27:24","slug":"rodzice","status":"publish","type":"page","link":"https:\/\/spsiennica.pl\/index.php\/rodzice\/","title":{"rendered":"Og\u0142oszenia"},"content":{"rendered":"<p>[vc_row][vc_column width=&#8221;1\/4&#8243;][vc_column_text][\/vc_column_text][\/vc_column][vc_column width=&#8221;3\/4&#8243;][vc_row_inner css=&#8221;.vc_custom_1566966024179{margin-left: -250px !important;}&#8221;][vc_column_inner][stm_spacing lg_spacing=&#8221;20&#8243; md_spacing=&#8221;20&#8243; sm_spacing=&#8221;20&#8243;][stm_text_box button_color_scheme=&#8221;white&#8221; button_position=&#8221;right&#8221; title_color=&#8221;custom&#8221; text_color=&#8221;custom&#8221; stm_bg_color=&#8221;custom&#8221; title_color_custom=&#8221;#ffffff&#8221; text_color_custom=&#8221;#ffffff&#8221; button_link=&#8221;|||&#8221; css=&#8221;.vc_custom_1695205640912{border-radius: 25px !important;}&#8221; stm_bg_color_custom=&#8221;#f4f4f4&#8243;]<\/p>\n<p style=\"text-align: center;\"><span style=\"color: #333333;\">Szanowni Rodzice wszelkie informacje zwi\u0105zane z ubezpieczeniem dzieci oraz sk\u0142adkami na Rad\u0119 Rodzic\u00f3w dost\u0119pne s\u0105 w zak\u0142adce Rada Rodzic\u00f3w.<\/span><\/p>\n<p>[\/stm_text_box][stm_spacing lg_spacing=&#8221;20&#8243; md_spacing=&#8221;20&#8243; sm_spacing=&#8221;20&#8243;][stm_text_box button_color_scheme=&#8221;white&#8221; button_position=&#8221;right&#8221; title_color=&#8221;custom&#8221; text_color=&#8221;custom&#8221; stm_bg_color=&#8221;custom&#8221; title_color_custom=&#8221;#ffffff&#8221; text_color_custom=&#8221;#ffffff&#8221; button_link=&#8221;|||&#8221; css=&#8221;.vc_custom_1695205031906{border-radius: 25px !important;}&#8221; stm_bg_color_custom=&#8221;#f4f4f4&#8243;]<\/p>\n<p style=\"text-align: center;\"><span style=\"color: #333333;\"><strong>Szanowni Pa\u0144stwo !<\/strong><\/span><\/p>\n<p><span style=\"color: #333333;\">Dyrektor Szko\u0142y Podstawowej im. Syn\u00f3w Pu\u0142ku w Siennicy R\u00f3\u017canej informuje, \u017ce zgodnie z art. 2 ustawy z dnia 12 kwietnia 2019 roku &nbsp;<em>o&nbsp; opiece zdrowotnej nad uczniami<\/em> (Dz.U. z dnia 11 czerwca 2019 r.) &nbsp;w szkole &nbsp;realizowana jest opieka zdrowotna &nbsp;i obejmuje profilaktyczn\u0105 opiek\u0119 zdrowotn\u0105, promocj\u0119 zdrowia oraz opiek\u0119 stomatologiczn\u0105.<\/span><\/p>\n<p><span style=\"color: #333333;\">* Profilaktyczna opieka zdrowotna jest sprawowana nad uczniami do uko\u0144czenia 19. roku \u017cycia, a w przypadku uczni\u00f3w posiadaj\u0105cych orzeczenie o potrzebie kszta\u0142cenia specjalnego &#8211; do uko\u0144czenia szko\u0142y ponadpodstawowej.<\/span><\/p>\n<p><span style=\"color: #333333;\">* Opieka stomatologiczna jest sprawowana nad uczniami do uko\u0144czenia 19. roku \u017cycia.<\/span><\/p>\n<p><span style=\"color: #333333;\"><u>Opieka zdrowotna nad uczniami ma na celu<\/u>:<\/span><\/p>\n<p><span style=\"color: #333333;\">1) ochron\u0119 zdrowia uczni\u00f3w, w tym zdrowia jamy ustnej;<\/span><\/p>\n<p><span style=\"color: #333333;\">2) kszta\u0142towanie u uczni\u00f3w postaw prozdrowotnych oraz odpowiedzialno\u015bci za w\u0142asne zdrowie.<\/span><\/p>\n<p><span style=\"color: #333333;\">Cele, o kt\u00f3rych mowa s\u0105 realizowane przez:<\/span><\/p>\n<p><span style=\"color: #333333;\">1) dzia\u0142ania na rzecz zachowania zdrowia oraz zapobiegania powstawaniu lub rozwojowi chor\u00f3b, w tym chor\u00f3b &nbsp;&nbsp;&nbsp;zaka\u017anych;<\/span><\/p>\n<p><span style=\"color: #333333;\">2) wczesne wykrywanie problem\u00f3w zdrowotnych i czynnik\u00f3w ryzyka;<\/span><\/p>\n<p><span style=\"color: #333333;\">3) edukacj\u0119 zdrowotn\u0105 i promocj\u0119 zdrowia, w tym aktywno\u015bci fizycznej i sportu oraz prawid\u0142owego \u017cywienia;<\/span><\/p>\n<p><span style=\"color: #333333;\">4) udzielanie pierwszej pomocy w rozumieniu art. 3 pkt 7 ustawy z dnia 8 wrze\u015bnia 2006 r. o Pa\u0144stwowym Ratownictwie Medycznym (Dz. U. z 2019 r. poz. 993).<\/span><\/p>\n<p><span style=\"color: #333333;\"><strong>Zaznacza si\u0119, \u017ce Rodzice maj\u0105 prawo do wyra\u017cenia sprzeciwu wobec obj\u0119cia ucznia profilaktyczn\u0105 opiek\u0105 zdrowotn\u0105 oraz opiek\u0105 stomatologiczn\u0105 nad uczniami, z\u0142o\u017conego &nbsp;w formie pisemnej do \u015bwiadczeniodawcy realizuj\u0105cego opiek\u0119.<\/strong><\/span><\/p>\n<p>&nbsp;<\/p>\n<p><span style=\"color: #333333;\">\u015awiadczeniodawc\u0105 w zakresie profilaktycznej opieki zdrowotnej jest NZOZ w Siennicy R\u00f3\u017canej, za\u015b opieki stomatologicznej &nbsp;&#8211; Wielospecjalistyczne Centrum Stomatologiczne Sp. z o.o., ul. Kili\u0144skiego 4, 22-400 Zamo\u015b\u0107.<\/span>[\/stm_text_box][stm_spacing lg_spacing=&#8221;20&#8243; md_spacing=&#8221;20&#8243; sm_spacing=&#8221;20&#8243;][stm_text_box button_color_scheme=&#8221;white&#8221; button_position=&#8221;right&#8221; title_color=&#8221;custom&#8221; text_color=&#8221;custom&#8221; stm_bg_color=&#8221;custom&#8221; title_color_custom=&#8221;#ffffff&#8221; text_color_custom=&#8221;#ffffff&#8221; button_link=&#8221;|||&#8221; css=&#8221;.vc_custom_1627992632222{border-radius: 25px !important;}&#8221; stm_bg_color_custom=&#8221;#f4f4f4&#8243;]<span style=\"color: #333333;\"><strong><u><img loading=\"lazy\" decoding=\"async\" class=\"size-full wp-image-31829 aligncenter\" src=\"https:\/\/spsiennica.pl\/wp-content\/uploads\/2021\/08\/Obraz1.png\" alt=\"\" width=\"255\" height=\"108\"><\/u><\/strong><\/span><\/p>\n<p><span style=\"color: #333333;\"><strong><u>B\u0119dziesz stara\u0142 si\u0119 o \u015bwiadczenie 300+, musisz wiedzie\u0107, \u017ce:<\/u><\/strong><\/span><\/p>\n<p><span style=\"color: #333333;\"><strong>&nbsp;<\/strong><\/span><\/p>\n<p><span style=\"color: #333333;\">1)&nbsp;&nbsp;&nbsp;&nbsp;&nbsp; Wniosek o \u015bwiadczenie 300+ b\u0119dziesz m\u00f3g\u0142 z\u0142o\u017cy\u0107 <strong>wy\u0142\u0105cznie drog\u0105 elektroniczn\u0105<\/strong>, za po\u015brednictwem:<\/span><\/p>\n<ul>\n<li><span style=\"color: #333333;\">Platformy Us\u0142ug Elektronicznych (PUE) ZUS,<\/span><\/li>\n<li><span style=\"color: #333333;\">bankowo\u015bci elektronicznej &nbsp;&nbsp;(15 bank\u00f3w),<\/span><\/li>\n<li><span style=\"color: #333333;\">portalu emp@tia,<\/span><\/li>\n<\/ul>\n<p><span style=\"color: #333333;\">2)&nbsp;&nbsp;&nbsp;&nbsp;&nbsp; \u015awiadczenie otrzymasz <strong>wy\u0142\u0105cznie na rachunek bankowy<\/strong>,<\/span><\/p>\n<p><span style=\"color: #333333;\">3)&nbsp;&nbsp;&nbsp;&nbsp;&nbsp; Obs\u0142ug\u0119 \u015bwiadczenia <strong>przejmuje Zak\u0142ad Ubezpiecze\u0144 Spo\u0142ecznych<\/strong>.<\/span><\/p>\n<p><span style=\"color: #333333;\">Wi\u0119cej informacji na temat \u015bwiadczenia 300+ znajd\u0105 Pa\u0144stwo pod linkiem \u2013 <a style=\"color: #333333;\" href=\"https:\/\/www.zus.pl\/baza-wiedzy\/program-dobry-start\">https:\/\/www.zus.pl\/baza-wiedzy\/program-dobry-start<\/a><\/span>[\/stm_text_box][stm_spacing lg_spacing=&#8221;20&#8243; md_spacing=&#8221;20&#8243; sm_spacing=&#8221;20&#8243;][stm_spacing lg_spacing=&#8221;20&#8243; md_spacing=&#8221;20&#8243; sm_spacing=&#8221;20&#8243;][\/vc_column_inner][\/vc_row_inner][\/vc_column][\/vc_row]<\/p>\n","protected":false},"excerpt":{"rendered":"<p>[vc_row][vc_column width=&#8221;1\/4&#8243;][vc_column_text][\/vc_column_text][\/vc_column][vc_column width=&#8221;3\/4&#8243;][vc_row_inner css=&#8221;.vc_custom_1566966024179{margin-left: -250px !important;}&#8221;][vc_column_inner][stm_spacing lg_spacing=&#8221;20&#8243; md_spacing=&#8221;20&#8243; sm_spacing=&#8221;20&#8243;][stm_text_box button_color_scheme=&#8221;white&#8221; button_position=&#8221;right&#8221; title_color=&#8221;custom&#8221; text_color=&#8221;custom&#8221; stm_bg_color=&#8221;custom&#8221; title_color_custom=&#8221;#ffffff&#8221; text_color_custom=&#8221;#ffffff&#8221; button_link=&#8221;|||&#8221; css=&#8221;.vc_custom_1695205640912{border-radius: 25px !important;}&#8221; stm_bg_color_custom=&#8221;#f4f4f4&#8243;] Szanowni Rodzice wszelkie informacje zwi\u0105zane z ubezpieczeniem dzieci oraz sk\u0142adkami na Rad\u0119 Rodzic\u00f3w dost\u0119pne s\u0105 w zak\u0142adce Rada Rodzic\u00f3w. [\/stm_text_box][stm_spacing lg_spacing=&#8221;20&#8243; md_spacing=&#8221;20&#8243; sm_spacing=&#8221;20&#8243;][stm_text_box button_color_scheme=&#8221;white&#8221; button_position=&#8221;right&#8221; title_color=&#8221;custom&#8221; text_color=&#8221;custom&#8221; stm_bg_color=&#8221;custom&#8221; title_color_custom=&#8221;#ffffff&#8221; text_color_custom=&#8221;#ffffff&#8221; button_link=&#8221;|||&#8221; css=&#8221;.vc_custom_1695205031906{border-radius: 25px !important;}&#8221; [&hellip;]<\/p>\n","protected":false},"author":1,"featured_media":0,"parent":0,"menu_order":0,"comment_status":"closed","ping_status":"closed","template":"","meta":{"ngg_post_thumbnail":0,"footnotes":""},"class_list":["post-4021","page","type-page","status-publish","hentry"],"uagb_featured_image_src":{"full":false,"thumbnail":false,"medium":false,"medium_large":false,"large":false,"1536x1536":false,"2048x2048":false,"post-thumbnail":false},"uagb_author_info":{"display_name":"admin","author_link":"https:\/\/spsiennica.pl\/index.php\/author\/admin\/"},"uagb_comment_info":0,"uagb_excerpt":"[vc_row][vc_column width=&#8221;1\/4&#8243;][vc_column_text][\/vc_column_text][\/vc_column][vc_column width=&#8221;3\/4&#8243;][vc_row_inner css=&#8221;.vc_custom_1566966024179{margin-left: -250px !important;}&#8221;][vc_column_inner][stm_spacing lg_spacing=&#8221;20&#8243; md_spacing=&#8221;20&#8243; sm_spacing=&#8221;20&#8243;][stm_text_box button_color_scheme=&#8221;white&#8221; button_position=&#8221;right&#8221; title_color=&#8221;custom&#8221; text_color=&#8221;custom&#8221; stm_bg_color=&#8221;custom&#8221; title_color_custom=&#8221;#ffffff&#8221; text_color_custom=&#8221;#ffffff&#8221; button_link=&#8221;|||&#8221; css=&#8221;.vc_custom_1695205640912{border-radius: 25px !important;}&#8221; stm_bg_color_custom=&#8221;#f4f4f4&#8243;] Szanowni Rodzice wszelkie informacje zwi\u0105zane z ubezpieczeniem dzieci oraz sk\u0142adkami na Rad\u0119 Rodzic\u00f3w dost\u0119pne s\u0105 w zak\u0142adce Rada Rodzic\u00f3w. [\/stm_text_box][stm_spacing lg_spacing=&#8221;20&#8243; md_spacing=&#8221;20&#8243; sm_spacing=&#8221;20&#8243;][stm_text_box button_color_scheme=&#8221;white&#8221; button_position=&#8221;right&#8221; title_color=&#8221;custom&#8221; text_color=&#8221;custom&#8221; stm_bg_color=&#8221;custom&#8221; title_color_custom=&#8221;#ffffff&#8221; text_color_custom=&#8221;#ffffff&#8221; button_link=&#8221;|||&#8221; css=&#8221;.vc_custom_1695205031906{border-radius: 25px !important;}&#8221;&hellip;","_links":{"self":[{"href":"https:\/\/spsiennica.pl\/index.php\/wp-json\/wp\/v2\/pages\/4021","targetHints":{"allow":["GET"]}}],"collection":[{"href":"https:\/\/spsiennica.pl\/index.php\/wp-json\/wp\/v2\/pages"}],"about":[{"href":"https:\/\/spsiennica.pl\/index.php\/wp-json\/wp\/v2\/types\/page"}],"author":[{"embeddable":true,"href":"https:\/\/spsiennica.pl\/index.php\/wp-json\/wp\/v2\/users\/1"}],"replies":[{"embeddable":true,"href":"https:\/\/spsiennica.pl\/index.php\/wp-json\/wp\/v2\/comments?post=4021"}],"version-history":[{"count":72,"href":"https:\/\/spsiennica.pl\/index.php\/wp-json\/wp\/v2\/pages\/4021\/revisions"}],"predecessor-version":[{"id":41730,"href":"https:\/\/spsiennica.pl\/index.php\/wp-json\/wp\/v2\/pages\/4021\/revisions\/41730"}],"wp:attachment":[{"href":"https:\/\/spsiennica.pl\/index.php\/wp-json\/wp\/v2\/media?parent=4021"}],"curies":[{"name":"wp","href":"https:\/\/api.w.org\/{rel}","templated":true}]}}