{"id":3525,"date":"2016-09-12T20:07:51","date_gmt":"2016-09-12T18:07:51","guid":{"rendered":"http:\/\/serwer1794989.home.pl\/zs\/home\/platne\/serwer22843\/public_html\/?page_id=3525"},"modified":"2025-03-14T10:33:57","modified_gmt":"2025-03-14T09:33:57","slug":"stolowka-szkolna","status":"publish","type":"page","link":"https:\/\/spsiennica.pl\/index.php\/stolowka-szkolna\/","title":{"rendered":"Sto\u0142\u00f3wka szkolna"},"content":{"rendered":"<p>[vc_row][vc_column width=&#8221;1\/4&#8243; offset=&#8221;vc_col-lg-3 vc_col-md-3 vc_hidden-xs&#8221;][stm_spacing sm_spacing=&#8221;40px&#8221; xs_spacing=&#8221;40px&#8221;][stm_single_image img_id=&#8221;4122&#8243; img_size=&#8221;299&#215;428&#8243;][stm_spacing xs_spacing=&#8221;80px&#8221; sm_spacing=&#8221;80px&#8221;][\/vc_column][vc_column width=&#8221;3\/4&#8243;][stm_spacing lg_spacing=&#8221;80px&#8221; md_spacing=&#8221;80px&#8221; sm_spacing=&#8221;80px&#8221; xs_spacing=&#8221;80px&#8221;][vc_column_text css_animation=&#8221;top-to-bottom&#8221; css=&#8221;.vc_custom_1475694346327{margin-top: -10px !important;margin-bottom: 0px !important;margin-left: 50px !important;}&#8221;]Obiady w naszej sto\u0142\u00f3wce szkolnej przygotowujemy zgodnie z zasadami racjonalnego \u017cywienia w oparciu tylko o naturalne produkty, przy wykorzystaniu warzyw i owoc\u00f3w pochodz\u0105cych w wi\u0119kszo\u015bci z ekologicznych upraw. Du\u017cym atrybutem jest fakt uwzgl\u0119dniania w menu r\u00f3wnie\u017c upodoba\u0144 smakowych naszych uczni\u00f3w.[\/vc_column_text][stm_title title_tag=&#8221;h3&#8243; title=&#8221;Koszt obiadu&#8221;][\/stm_title][vc_message message_box_style=&#8221;outline&#8221; message_box_color=&#8221;juicy_pink&#8221; icon_fontawesome=&#8221;fa fa-exclamation&#8221; css_animation=&#8221;appear&#8221; css=&#8221;.vc_custom_1523882398785{margin-left: 20px !important;}&#8221;]<\/p>\n<p style=\"text-align: center;\">Osoby, kt\u00f3re nie uregulowa\u0142y p\u0142atno\u015bci<br \/>\n<span style=\"text-decoration: underline;\"><strong>za poprzednie miesi\u0105ce !!!<\/strong><\/span><br \/>\nproszone s\u0105 o pilne uregulowanie zaleg\u0142o\u015bci.[\/vc_message][vc_column_text]<\/p>\n<ol>\n<li>Cena jednego obiadu dla ucznia Szko\u0142y Podstawowej im. Syn\u00f3w Pu\u0142ku w Siennicy R\u00f3\u017canej wynosi 6,00 z\u0142.,<\/li>\n<li>Wp\u0142aty za obiady nale\u017cy dokonywa\u0107 do 15 dnia nast\u0119pnego miesi\u0105ca, natomiast za miesi\u0105c czerwiec do 30 czerwca, przelewem na rachunek bankowy BS Krasnystaw O\/ Siennica R\u00f3\u017cana Nr <strong>07 8200 1021 2003 2100 1935 0009<\/strong> odbiorca \u2013 Szko\u0142a Podstawowa im. Syn\u00f3w Pu\u0142ku w Siennicy R\u00f3\u017canej, Siennica R\u00f3\u017cana 257, 22-304 Siennica R\u00f3\u017cana.<\/li>\n<\/ol>\n<p>[\/vc_column_text][vc_row_inner][vc_column_inner width=&#8221;1\/2&#8243;][stm_btn_big btn_icon_size=&#8221;30px&#8221; btn_alignment=&#8221;center&#8221; btn_custom_size=&#8221;true&#8221; btn_icon_enable=&#8221;true&#8221; btn_link=&#8221;url:http%3A%2F%2Fwww.obiady.spsiennica.pl||target:%20_blank|rel:nofollow&#8221; btn_link_text=&#8221;Sprawd\u017a ile nale\u017cy zap\u0142aci\u0107 za obiady&#8221; btn_secondary_text=&#8221;obiady online&#8221; btn_icon_fontawesome=&#8221;stm-icon stm-icon-apple&#8221; btn_custom_width=&#8221;75%&#8221;][\/vc_column_inner][vc_column_inner width=&#8221;1\/2&#8243;][\/vc_column_inner][\/vc_row_inner][\/vc_column][\/vc_row][vc_row full_width=&#8221;stretch_row&#8221; css=&#8221;.vc_custom_1455856130388{padding-top: 38px !important;padding-bottom: 100px !important;background-color: #ffffff !important;background-position: 0 0 !important;background-repeat: no-repeat !important;}&#8221;][vc_column][stm_title title_tag=&#8221;h2&#8243; sep_color=&#8221;green&#8221; sep_enable=&#8221;true&#8221; title=&#8221;Jad\u0142ospis&#8221; sep_margin_b=&#8221;32px&#8221;][\/stm_title][stm_meal items_count=&#8221;1&#8243;][\/vc_column][\/vc_row][vc_row full_width=&#8221;stretch_row&#8221; css=&#8221;.vc_custom_1455856130388{padding-top: 38px !important;padding-bottom: 100px !important;background-color: #ffffff !important;background-position: 0 0 !important;background-repeat: no-repeat !important;}&#8221;][vc_column][\/vc_column][\/vc_row][vc_row content_placement=&#8221;middle&#8221;][vc_column][vc_message]<\/p>\n<p style=\"text-align: center;\">Jad\u0142ospis tygodniowy mo\u017ce ulec zmianie z powod\u00f3w technologicznych i przypadk\u00f3w losowych.<\/p>\n<p>[\/vc_message][\/vc_column][\/vc_row][vc_row][vc_column][vc_message message_box_color=&#8221;alert-info&#8221;]<\/p>\n<p style=\"text-align: center;\"><a href=\"https:\/\/spsiennica.pl\/Dokumenty_Szkolne\/RODO%20KOWR%20ARiMR.pdf\" target=\"_blank\" rel=\"noopener\">Informacja o przetwarzaniu danych osobowych przez Krajowy O\u015brodek Wsparcia Rolnictwa<\/a><\/p>\n<p>[\/vc_message][\/vc_column][\/vc_row][vc_row][vc_column][vc_message message_box_color=&#8221;alert-info&#8221;]<\/p>\n<p style=\"text-align: center;\"><a href=\"https:\/\/spsiennica.pl\/Dokumenty_Szkolne\/RODO%20KOWR%20ARiMR.pdf\" target=\"_blank\" rel=\"noopener\">Wype\u0142nienie obowi\u0105zku informacyjnego KOWR i ARiMR wobec dzieci i rodzic\u00f3w\/opiekun\u00f3w dzieci&nbsp; uczestnicz\u0105cych w programie<\/a><\/p>\n<p>[\/vc_message][\/vc_column][\/vc_row]<\/p>\n","protected":false},"excerpt":{"rendered":"<p>[vc_row][vc_column width=&#8221;1\/4&#8243; offset=&#8221;vc_col-lg-3 vc_col-md-3 vc_hidden-xs&#8221;][stm_spacing sm_spacing=&#8221;40px&#8221; xs_spacing=&#8221;40px&#8221;][stm_single_image img_id=&#8221;4122&#8243; img_size=&#8221;299&#215;428&#8243;][stm_spacing xs_spacing=&#8221;80px&#8221; sm_spacing=&#8221;80px&#8221;][\/vc_column][vc_column width=&#8221;3\/4&#8243;][stm_spacing lg_spacing=&#8221;80px&#8221; md_spacing=&#8221;80px&#8221; sm_spacing=&#8221;80px&#8221; xs_spacing=&#8221;80px&#8221;][vc_column_text css_animation=&#8221;top-to-bottom&#8221; css=&#8221;.vc_custom_1475694346327{margin-top: -10px !important;margin-bottom: 0px !important;margin-left: 50px !important;}&#8221;]Obiady w naszej sto\u0142\u00f3wce szkolnej przygotowujemy zgodnie z zasadami racjonalnego \u017cywienia w oparciu tylko o naturalne produkty, przy wykorzystaniu warzyw i owoc\u00f3w pochodz\u0105cych w wi\u0119kszo\u015bci z ekologicznych upraw. Du\u017cym atrybutem jest fakt [&hellip;]<\/p>\n","protected":false},"author":1,"featured_media":0,"parent":0,"menu_order":0,"comment_status":"closed","ping_status":"closed","template":"","meta":{"ngg_post_thumbnail":0,"footnotes":""},"class_list":["post-3525","page","type-page","status-publish","hentry"],"uagb_featured_image_src":{"full":false,"thumbnail":false,"medium":false,"medium_large":false,"large":false,"1536x1536":false,"2048x2048":false,"post-thumbnail":false},"uagb_author_info":{"display_name":"admin","author_link":"https:\/\/spsiennica.pl\/index.php\/author\/admin\/"},"uagb_comment_info":0,"uagb_excerpt":"[vc_row][vc_column width=&#8221;1\/4&#8243; offset=&#8221;vc_col-lg-3 vc_col-md-3 vc_hidden-xs&#8221;][stm_spacing sm_spacing=&#8221;40px&#8221; xs_spacing=&#8221;40px&#8221;][stm_single_image img_id=&#8221;4122&#8243; img_size=&#8221;299&#215;428&#8243;][stm_spacing xs_spacing=&#8221;80px&#8221; sm_spacing=&#8221;80px&#8221;][\/vc_column][vc_column width=&#8221;3\/4&#8243;][stm_spacing lg_spacing=&#8221;80px&#8221; md_spacing=&#8221;80px&#8221; sm_spacing=&#8221;80px&#8221; xs_spacing=&#8221;80px&#8221;][vc_column_text css_animation=&#8221;top-to-bottom&#8221; css=&#8221;.vc_custom_1475694346327{margin-top: -10px !important;margin-bottom: 0px !important;margin-left: 50px !important;}&#8221;]Obiady w naszej sto\u0142\u00f3wce szkolnej przygotowujemy zgodnie z zasadami racjonalnego \u017cywienia w oparciu tylko o naturalne produkty, przy wykorzystaniu warzyw i owoc\u00f3w pochodz\u0105cych w wi\u0119kszo\u015bci z ekologicznych upraw. Du\u017cym atrybutem jest fakt&hellip;","_links":{"self":[{"href":"https:\/\/spsiennica.pl\/index.php\/wp-json\/wp\/v2\/pages\/3525","targetHints":{"allow":["GET"]}}],"collection":[{"href":"https:\/\/spsiennica.pl\/index.php\/wp-json\/wp\/v2\/pages"}],"about":[{"href":"https:\/\/spsiennica.pl\/index.php\/wp-json\/wp\/v2\/types\/page"}],"author":[{"embeddable":true,"href":"https:\/\/spsiennica.pl\/index.php\/wp-json\/wp\/v2\/users\/1"}],"replies":[{"embeddable":true,"href":"https:\/\/spsiennica.pl\/index.php\/wp-json\/wp\/v2\/comments?post=3525"}],"version-history":[{"count":75,"href":"https:\/\/spsiennica.pl\/index.php\/wp-json\/wp\/v2\/pages\/3525\/revisions"}],"predecessor-version":[{"id":50373,"href":"https:\/\/spsiennica.pl\/index.php\/wp-json\/wp\/v2\/pages\/3525\/revisions\/50373"}],"wp:attachment":[{"href":"https:\/\/spsiennica.pl\/index.php\/wp-json\/wp\/v2\/media?parent=3525"}],"curies":[{"name":"wp","href":"https:\/\/api.w.org\/{rel}","templated":true}]}}