{"id":27306,"date":"2020-09-09T14:53:25","date_gmt":"2020-09-09T12:53:25","guid":{"rendered":"http:\/\/spsiennica.pl\/?page_id=27306"},"modified":"2026-02-24T11:47:12","modified_gmt":"2026-02-24T10:47:12","slug":"zalaczniki-do-zfss","status":"publish","type":"page","link":"https:\/\/spsiennica.pl\/index.php\/zalaczniki-do-zfss\/","title":{"rendered":"Zak\u0142adowy Fundusz \u015awiadcze\u0144 Socjalnych"},"content":{"rendered":"<p>[vc_row disable_element=&#8221;yes&#8221;][vc_column][stm_spacing lg_spacing=&#8221;50&#8243; md_spacing=&#8221;40&#8243; sm_spacing=&#8221;30&#8243; xs_spacing=&#8221;20&#8243;][stm_title title_tag=&#8221;h2&#8243; title_align=&#8221;center&#8221; sep_enable=&#8221;true&#8221; title=&#8221;Wz\u00f3r opisania faktury za szczepionk\u0119 przeciwko grypie zakupion\u0105 za w\u0142asn\u0105 got\u00f3wk\u0119&#8221;][\/stm_title][stm_spacing lg_spacing=&#8221;50&#8243; md_spacing=&#8221;40&#8243; sm_spacing=&#8221;30&#8243; xs_spacing=&#8221;20&#8243;][\/vc_column][\/vc_row][vc_row disable_element=&#8221;yes&#8221;][vc_column width=&#8221;1\/2&#8243;][stm_btn_simple btn_link=&#8221;url:http%3A%2F%2Fserwer22843.lh.pl%2FDokumenty_Szkolne%2FZFSS%2Fopis_faktury%2FOpisywanie%2520faktury.docx|||&#8221; btn_link_text=&#8221;Wz\u00f3r opisania faktury (DOC)&#8221;][\/vc_column][vc_column width=&#8221;1\/2&#8243;][stm_btn_simple btn_link=&#8221;url:http%3A%2F%2Fserwer22843.lh.pl%2FDokumenty_Szkolne%2FZFSS%2Fopis_faktury%2FOpisywanie%2520faktury.pdf|||&#8221; btn_link_text=&#8221;Wz\u00f3r opisania faktury (PDF)&#8221;][\/vc_column][\/vc_row][vc_row disable_element=&#8221;yes&#8221;][vc_column width=&#8221;1\/2&#8243;][stm_spacing lg_spacing=&#8221;50&#8243; md_spacing=&#8221;40&#8243; sm_spacing=&#8221;30&#8243; xs_spacing=&#8221;20&#8243;][stm_btn_simple btn_disabled=&#8221;true&#8221; btn_link=&#8221;url:https%3A%2F%2Fspsiennica.pl%2FDokumenty_Szkolne%2FZFSS%2FRegulamin_ZFSS_Szkola_Podstawowa.pdf&#8221; btn_link_text=&#8221;Regulamin Zak\u0142adowego Funduszu \u015awiadcze\u0144 Socjalnych&#8221;][\/vc_column][vc_column width=&#8221;1\/2&#8243;][\/vc_column][\/vc_row][vc_row][vc_column][stm_spacing lg_spacing=&#8221;50&#8243; md_spacing=&#8221;40&#8243; sm_spacing=&#8221;30&#8243; xs_spacing=&#8221;20&#8243;][stm_title title_tag=&#8221;h2&#8243; title_align=&#8221;center&#8221; sep_enable=&#8221;true&#8221; title=&#8221;Kwota bazowa 2026 r.: 7 969,27 z\u0142&#8221;][\/stm_title][stm_spacing lg_spacing=&#8221;50&#8243; md_spacing=&#8221;40&#8243; sm_spacing=&#8221;30&#8243; xs_spacing=&#8221;20&#8243;][\/vc_column][\/vc_row][vc_row][vc_column][stm_spacing lg_spacing=&#8221;50&#8243; md_spacing=&#8221;40&#8243; sm_spacing=&#8221;30&#8243; xs_spacing=&#8221;20&#8243;][stm_title title_tag=&#8221;h2&#8243; title_align=&#8221;center&#8221; sep_enable=&#8221;true&#8221; title=&#8221;Za\u0142\u0105czniki do Regulaminu Zak\u0142adowego Funduszu \u015awiadcze\u0144 Socjalnych&#8221;][\/stm_title][stm_spacing lg_spacing=&#8221;50&#8243; md_spacing=&#8221;40&#8243; sm_spacing=&#8221;30&#8243; xs_spacing=&#8221;20&#8243;][\/vc_column][\/vc_row][vc_row][vc_column width=&#8221;1\/2&#8243;][stm_btn_simple btn_link=&#8221;url:http%3A%2F%2Fspsiennica.pl%2FDokumenty_Szkolne%2FZFSS%2Fzalaczniki%2F3.pdf&#8221; btn_link_text=&#8221;O\u015bwiadczenie o \u015brednim dochodzie na cz\u0142onka rodziny&#8221;][\/vc_column][vc_column width=&#8221;1\/2&#8243;][\/vc_column][\/vc_row][vc_row][vc_column][stm_spacing lg_spacing=&#8221;40&#8243; md_spacing=&#8221;30&#8243; sm_spacing=&#8221;20&#8243; xs_spacing=&#8221;10&#8243;][\/vc_column][\/vc_row][vc_row][vc_column width=&#8221;1\/4&#8243;][stm_btn_simple btn_link=&#8221;url:http%3A%2F%2Fspsiennica.pl%2FDokumenty_Szkolne%2FZFSS%2Fzalaczniki%2F5.pdf&#8221; btn_link_text=&#8221;Wniosek o przyznanie dofinansowania wypoczynku organizowanego we w\u0142asnym zakresie&#8221;][\/vc_column][vc_column width=&#8221;1\/4&#8243;][\/vc_column][vc_column width=&#8221;1\/4&#8243;][\/vc_column][vc_column width=&#8221;1\/4&#8243;][\/vc_column][\/vc_row][vc_row][vc_column][stm_spacing lg_spacing=&#8221;40&#8243; md_spacing=&#8221;30&#8243; sm_spacing=&#8221;20&#8243; xs_spacing=&#8221;10&#8243;][\/vc_column][\/vc_row][vc_row][vc_column width=&#8221;1\/4&#8243;][stm_btn_simple btn_link=&#8221;url:http%3A%2F%2Fspsiennica.pl%2FDokumenty_Szkolne%2FZFSS%2Fzalaczniki%2F6.pdf&#8221; btn_link_text=&#8221;Wniosek o przyznanie \u015bwiadczenia socjalnego&#8221;][\/vc_column][vc_column width=&#8221;1\/4&#8243;][\/vc_column][vc_column width=&#8221;1\/4&#8243;][\/vc_column][vc_column width=&#8221;1\/4&#8243;][\/vc_column][\/vc_row][vc_row][vc_column][stm_spacing lg_spacing=&#8221;40&#8243; md_spacing=&#8221;30&#8243; sm_spacing=&#8221;20&#8243; xs_spacing=&#8221;10&#8243;][\/vc_column][\/vc_row][vc_row][vc_column width=&#8221;1\/3&#8243;][stm_btn_simple btn_link=&#8221;url:http%3A%2F%2Fspsiennica.pl%2FDokumenty_Szkolne%2FZFSS%2Fzalaczniki%2F7.pdf&#8221; btn_link_text=&#8221;Wniosek o przyznanie \u015bwiadczenia socjalnego&#8221;][\/vc_column][vc_column width=&#8221;1\/3&#8243;][\/vc_column][vc_column width=&#8221;1\/3&#8243;][\/vc_column][\/vc_row][vc_row][vc_column][stm_spacing lg_spacing=&#8221;40&#8243; md_spacing=&#8221;30&#8243; sm_spacing=&#8221;20&#8243; xs_spacing=&#8221;10&#8243;][\/vc_column][\/vc_row][vc_row][vc_column width=&#8221;1\/2&#8243;][stm_btn_simple btn_link=&#8221;url:http%3A%2F%2Fspsiennica.pl%2FDokumenty_Szkolne%2FZFSS%2Fzalaczniki%2F8.pdf&#8221; btn_link_text=&#8221;Wniosek o przyznanie po\u017cyczki z zak\u0142adowego funduszu \u015bwiadcze\u0144 socjalnych&#8221;][\/vc_column][vc_column width=&#8221;1\/2&#8243;][\/vc_column][\/vc_row][vc_row][vc_column][stm_spacing lg_spacing=&#8221;40&#8243; md_spacing=&#8221;30&#8243; sm_spacing=&#8221;20&#8243; xs_spacing=&#8221;10&#8243;][\/vc_column][\/vc_row][vc_row][vc_column width=&#8221;1\/2&#8243;][stm_btn_simple btn_link=&#8221;url:http%3A%2F%2Fspsiennica.pl%2FDokumenty_Szkolne%2FZFSS%2Fzalaczniki%2F9.pdf&#8221; btn_link_text=&#8221;Wniosek o przyznanie dofinansowania wypoczynku wakacyjnego dzieci i m\u0142odzie\u017cy&#8221;][\/vc_column][vc_column width=&#8221;1\/2&#8243;][\/vc_column][\/vc_row][vc_row][vc_column][stm_spacing lg_spacing=&#8221;40&#8243; md_spacing=&#8221;30&#8243; sm_spacing=&#8221;20&#8243; xs_spacing=&#8221;10&#8243;][\/vc_column][\/vc_row]<\/p>\n","protected":false},"excerpt":{"rendered":"<p>[vc_row disable_element=&#8221;yes&#8221;][vc_column][stm_spacing lg_spacing=&#8221;50&#8243; md_spacing=&#8221;40&#8243; sm_spacing=&#8221;30&#8243; xs_spacing=&#8221;20&#8243;][stm_title title_tag=&#8221;h2&#8243; title_align=&#8221;center&#8221; sep_enable=&#8221;true&#8221; title=&#8221;Wz\u00f3r opisania faktury za szczepionk\u0119 przeciwko grypie zakupion\u0105 za w\u0142asn\u0105 got\u00f3wk\u0119&#8221;][\/stm_title][stm_spacing lg_spacing=&#8221;50&#8243; md_spacing=&#8221;40&#8243; sm_spacing=&#8221;30&#8243; xs_spacing=&#8221;20&#8243;][\/vc_column][\/vc_row][vc_row disable_element=&#8221;yes&#8221;][vc_column width=&#8221;1\/2&#8243;][stm_btn_simple btn_link=&#8221;url:http%3A%2F%2Fserwer22843.lh.pl%2FDokumenty_Szkolne%2FZFSS%2Fopis_faktury%2FOpisywanie%2520faktury.docx|||&#8221; btn_link_text=&#8221;Wz\u00f3r opisania faktury (DOC)&#8221;][\/vc_column][vc_column width=&#8221;1\/2&#8243;][stm_btn_simple btn_link=&#8221;url:http%3A%2F%2Fserwer22843.lh.pl%2FDokumenty_Szkolne%2FZFSS%2Fopis_faktury%2FOpisywanie%2520faktury.pdf|||&#8221; btn_link_text=&#8221;Wz\u00f3r opisania faktury (PDF)&#8221;][\/vc_column][\/vc_row][vc_row disable_element=&#8221;yes&#8221;][vc_column width=&#8221;1\/2&#8243;][stm_spacing lg_spacing=&#8221;50&#8243; md_spacing=&#8221;40&#8243; sm_spacing=&#8221;30&#8243; xs_spacing=&#8221;20&#8243;][stm_btn_simple btn_disabled=&#8221;true&#8221; btn_link=&#8221;url:https%3A%2F%2Fspsiennica.pl%2FDokumenty_Szkolne%2FZFSS%2FRegulamin_ZFSS_Szkola_Podstawowa.pdf&#8221; btn_link_text=&#8221;Regulamin Zak\u0142adowego Funduszu \u015awiadcze\u0144 Socjalnych&#8221;][\/vc_column][vc_column width=&#8221;1\/2&#8243;][\/vc_column][\/vc_row][vc_row][vc_column][stm_spacing lg_spacing=&#8221;50&#8243; md_spacing=&#8221;40&#8243; sm_spacing=&#8221;30&#8243; xs_spacing=&#8221;20&#8243;][stm_title [&hellip;]<\/p>\n","protected":false},"author":1,"featured_media":0,"parent":0,"menu_order":0,"comment_status":"closed","ping_status":"closed","template":"","meta":{"ngg_post_thumbnail":0,"footnotes":""},"class_list":["post-27306","page","type-page","status-publish","hentry"],"uagb_featured_image_src":{"full":false,"thumbnail":false,"medium":false,"medium_large":false,"large":false,"1536x1536":false,"2048x2048":false,"post-thumbnail":false},"uagb_author_info":{"display_name":"admin","author_link":"https:\/\/spsiennica.pl\/index.php\/author\/admin\/"},"uagb_comment_info":0,"uagb_excerpt":"[vc_row disable_element=&#8221;yes&#8221;][vc_column][stm_spacing lg_spacing=&#8221;50&#8243; md_spacing=&#8221;40&#8243; sm_spacing=&#8221;30&#8243; xs_spacing=&#8221;20&#8243;][stm_title title_tag=&#8221;h2&#8243; title_align=&#8221;center&#8221; sep_enable=&#8221;true&#8221; title=&#8221;Wz\u00f3r opisania faktury za szczepionk\u0119 przeciwko grypie zakupion\u0105 za w\u0142asn\u0105 got\u00f3wk\u0119&#8221;][\/stm_title][stm_spacing lg_spacing=&#8221;50&#8243; md_spacing=&#8221;40&#8243; sm_spacing=&#8221;30&#8243; xs_spacing=&#8221;20&#8243;][\/vc_column][\/vc_row][vc_row disable_element=&#8221;yes&#8221;][vc_column width=&#8221;1\/2&#8243;][stm_btn_simple btn_link=&#8221;url:http%3A%2F%2Fserwer22843.lh.pl%2FDokumenty_Szkolne%2FZFSS%2Fopis_faktury%2FOpisywanie%2520faktury.docx|||&#8221; btn_link_text=&#8221;Wz\u00f3r opisania faktury (DOC)&#8221;][\/vc_column][vc_column width=&#8221;1\/2&#8243;][stm_btn_simple btn_link=&#8221;url:http%3A%2F%2Fserwer22843.lh.pl%2FDokumenty_Szkolne%2FZFSS%2Fopis_faktury%2FOpisywanie%2520faktury.pdf|||&#8221; btn_link_text=&#8221;Wz\u00f3r opisania faktury (PDF)&#8221;][\/vc_column][\/vc_row][vc_row disable_element=&#8221;yes&#8221;][vc_column width=&#8221;1\/2&#8243;][stm_spacing lg_spacing=&#8221;50&#8243; md_spacing=&#8221;40&#8243; sm_spacing=&#8221;30&#8243; xs_spacing=&#8221;20&#8243;][stm_btn_simple btn_disabled=&#8221;true&#8221; btn_link=&#8221;url:https%3A%2F%2Fspsiennica.pl%2FDokumenty_Szkolne%2FZFSS%2FRegulamin_ZFSS_Szkola_Podstawowa.pdf&#8221; btn_link_text=&#8221;Regulamin Zak\u0142adowego Funduszu \u015awiadcze\u0144 Socjalnych&#8221;][\/vc_column][vc_column width=&#8221;1\/2&#8243;][\/vc_column][\/vc_row][vc_row][vc_column][stm_spacing lg_spacing=&#8221;50&#8243; md_spacing=&#8221;40&#8243; sm_spacing=&#8221;30&#8243; xs_spacing=&#8221;20&#8243;][stm_title&hellip;","_links":{"self":[{"href":"https:\/\/spsiennica.pl\/index.php\/wp-json\/wp\/v2\/pages\/27306","targetHints":{"allow":["GET"]}}],"collection":[{"href":"https:\/\/spsiennica.pl\/index.php\/wp-json\/wp\/v2\/pages"}],"about":[{"href":"https:\/\/spsiennica.pl\/index.php\/wp-json\/wp\/v2\/types\/page"}],"author":[{"embeddable":true,"href":"https:\/\/spsiennica.pl\/index.php\/wp-json\/wp\/v2\/users\/1"}],"replies":[{"embeddable":true,"href":"https:\/\/spsiennica.pl\/index.php\/wp-json\/wp\/v2\/comments?post=27306"}],"version-history":[{"count":26,"href":"https:\/\/spsiennica.pl\/index.php\/wp-json\/wp\/v2\/pages\/27306\/revisions"}],"predecessor-version":[{"id":56226,"href":"https:\/\/spsiennica.pl\/index.php\/wp-json\/wp\/v2\/pages\/27306\/revisions\/56226"}],"wp:attachment":[{"href":"https:\/\/spsiennica.pl\/index.php\/wp-json\/wp\/v2\/media?parent=27306"}],"curies":[{"name":"wp","href":"https:\/\/api.w.org\/{rel}","templated":true}]}}