{"id":27138,"date":"2020-07-03T13:46:53","date_gmt":"2020-07-03T11:46:53","guid":{"rendered":"http:\/\/spsiennica.pl\/?page_id=27138"},"modified":"2020-07-03T13:46:53","modified_gmt":"2020-07-03T11:46:53","slug":"wakacyjne-rady-logopedyczne","status":"publish","type":"page","link":"https:\/\/spsiennica.pl\/index.php\/wakacyjne-rady-logopedyczne\/","title":{"rendered":"Wakacyjne rady logopedyczne!"},"content":{"rendered":"<p>[vc_row][vc_column][vc_column_text]<\/p>\n<p style=\"text-align: center;\"><strong><u>Wakacyjne rady logopedyczne!<\/u><\/strong><\/p>\n<p style=\"text-align: center;\"><u>Drodzy Rodzice!<\/u><\/p>\n<p style=\"text-align: center;\">Ju\u017c za moment rozpoczynaj\u0105 si\u0119 wakacje, ale nie wakacje od pracy z poprawn\u0105 wymow\u0105.<br \/>\nIm d\u0142u\u017csza przerwa w \u0107wiczeniach \u2013 tym wi\u0119ksze ryzyko niechcianych zmian.<\/p>\n<p style=\"text-align: center;\">Pami\u0119tajcie o codziennych \u0107wiczeniach narz\u0105d\u00f3w mowy, oddechowych oraz artykulacyjnych.<!--more--><\/p>\n<p style=\"text-align: left;\">One nie musz\u0105 by\u0107 nudne, oto kilka praktycznych wskaz\u00f3wek:<\/p>\n<p style=\"text-align: left;\">&nbsp;<\/p>\n<ul style=\"text-align: left;\">\n<li>Zamiast czytania wieczornej bajki na dobranoc mo\u017cna razem z dzieckiem u\u0142o\u017cy\u0107<u> bajk\u0119 logopedyczn\u0105<\/u> \u2013 w\u00f3wczas pobudzamy wyobra\u017ani\u0119 dziecka i jednocze\u015bnie \u0107wiczymy narz\u0105dy mowy!<\/li>\n<li><u>Zabawa pi\u0142k\u0105:<\/u> podrzucanie, rzucanie do siebie, rzucanie do celu, kopanie pi\u0142ki w okre\u015blonym kierunku; wa\u017cne, \u017ceby ka\u017cdy ruch pi\u0142ki powi\u0105zany by\u0142 z sylab\u0105 lub wyrazem utrwalaj\u0105cym wymow\u0119.<\/li>\n<li><u>Hu\u015btawka:<\/u> asekurujesz Malucha na placu zabaw? Podczas hu\u015btania si\u0119, zorganizuj zabaw\u0119 s\u0142own\u0105. Dla m\u0142odszych \u2013 kategoryzacja: wymie\u0144 jak najwi\u0119cej ubra\u0144, zabawek, pojazd\u00f3w, owoc\u00f3w, imion; dla starszych: co s\u0142yszysz na pocz\u0105tku wyrazu? Jak\u0105 sylab\u0119, g\u0142osk\u0119? Wymie\u0144 wyrazy zaczynaj\u0105ce si\u0119 od g\u0142oski\u2026. jaki wyraz zaczyna si\u0119 i ko\u0144czy t\u0105 sam\u0105 g\u0142osk\u0105? Kontroluj spos\u00f3b wymawiania.<\/li>\n<li><u>Skakanka!<\/u> Czy mo\u017cna skaka\u0107 i m\u00f3wi\u0107? Mo\u017cna! A najskoczniej mo\u017cna \u0107wiczy\u0107\u2026 sylaby! SZA, SZO, SZU\u2026<\/li>\n<li><u>Piknik:<\/u> zabierz, opr\u00f3cz smako\u0142yk\u00f3w i kocyka, gr\u0119: domino, memory, lub inne, kt\u00f3re zaanga\u017cuj\u0105 rodzin\u0119 \u2026 nawet w takich chwilach masz wp\u0142yw na rozw\u00f3j swojego dziecka!<\/li>\n<li><u>Podr\u00f3\u017c samochodem:<\/u> daje wiele mo\u017cliwo\u015bci na\u015bladowania g\u0142os\u00f3w zwierz\u0105t, ptak\u00f3w, pojazd\u00f3w {np: traktor-tur,tur\u2026} ale i \u0107wicze\u0144 pionizacji j\u0119zyka- na przyk\u0142ad, gdy podje\u017cd\u017camy pod g\u00f3r\u0119-podnosimy j\u0119zyk do nosa lub g\u00f3rnego wa\u0142k\u0105 dzi\u0105s\u0142owego. Gdy zje\u017cd\u017camy- j\u0119zyk do brody lub dolnego wa\u0142ka dzi\u0105s\u0142owego. Zakr\u0119ty j\u0119zyk na boki, w kierunku uszu, rondo- j\u0119zyk oblizuje wargi, z\u0119by. Podczas jazdy nie zapomnijcie o \u015bpiewaniu piosenek, opowiadaniu historii i \u017cart\u00f3w.To te\u017c \u0107wiczenia j\u0119zyka.<\/li>\n<li>Mo\u017cna r\u00f3wnie\u017c bawi\u0107 si\u0119 w <u>nurkowanie na niby, parskanie, chrapanie<\/u> -wykorzystuj\u0105c ciekaw\u0105 sytuacj\u0119, wydarzenie w podr\u00f3\u017cy. Polecamy te\u017c zabawy s\u0142owne \u0107wicz\u0105ce j\u0119zyk, wargi, s\u0142uch fonemowy, np:<\/li>\n<li>lelum polelum, lelum polelum\u2026<\/li>\n<li>ente dente, ente dente\u2026<\/li>\n<li>tik tak, tik tak\u2026.<\/li>\n<li>puk stuk, puk stuk\u2026<\/li>\n<li>nelepetede\u2026 itp.<\/li>\n<li><u>Podsumowanie dnia:<\/u> zadaniem malucha jest opowiadanie tego, co prze\u017cy\u0142 i do\u015bwiadczy\u0142<br \/>\nw minionym dniu. Warunkiem jest pi\u0119kne m\u00f3wienie.<\/li>\n<\/ul>\n<p style=\"text-align: center;\"><strong>Wszystko zale\u017cy od pomys\u0142owo\u015bci, ch\u0119ci i radosnego nastawienia!<\/strong><\/p>\n<p style=\"text-align: left;\"><strong>&nbsp;<\/strong><strong><u>Przydatne strony i zadania dla dzieci:<\/u><\/strong><\/p>\n<p style=\"text-align: left;\">&nbsp;<a href=\"https:\/\/wordwall.net\/pl\/resource\/1594046\/podziel-nazwy-obrazk%C3%B3w-na-sylaby\">https:\/\/wordwall.net\/<\/a>&nbsp; &nbsp;&#8211; mo\u017cna tu odszuka\u0107 gry logopedyczne- zach\u0119cam do zabawy i \u0107wicze\u0144<\/p>\n<p style=\"text-align: left;\"><a href=\"https:\/\/www.youtube.com\/watch?v=zA85oayoC2Q\">https:\/\/www.youtube.com\/watch?v=zA85oayoC2Q<\/a> &#8211; \u0107wiczenia oddechowe&nbsp;<\/p>\n<p style=\"text-align: left;\"><a href=\"https:\/\/www.youtube.com\/watch?v=WIKpLlapr90\">https:\/\/www.youtube.com\/watch?v=WIKpLlapr90<\/a> &#8211; \u0107wiczenia artykulacyjne&nbsp;<\/p>\n<p style=\"text-align: left;\"><a href=\"https:\/\/www.mimowa.pl\/\">https:\/\/www.mimowa.pl\/<\/a> &#8211;&nbsp; gdy, zabawy i \u0107wiczenia logopedyczne<\/p>\n<p style=\"text-align: left;\"><a href=\"https:\/\/instytutlogopedyczny.pl\/gabinet\/skarbnica-wiedzy\/cwiczenia-logopedyczne.html\">https:\/\/instytutlogopedyczny.pl\/gabinet\/skarbnica-wiedzy\/cwiczenia-logopedyczne.html<\/a> &#8211; \u0107wiczenia logopedyczne<\/p>\n<p style=\"text-align: left;\"><a href=\"https:\/\/drive.google.com\/file\/d\/17qXUvhqC2b6PKN-__RCl187FDSLz6fdc\/view?usp=sharing\">https:\/\/drive.google.com\/file\/d\/17qXUvhqC2b6PKN-__RCl187FDSLz6fdc\/view?usp=sharing<\/a> &nbsp;&nbsp;&#8211; bajki logopedyczne<\/p>\n<p style=\"text-align: left;\"><a href=\"https:\/\/drive.google.com\/file\/d\/1U7iZWIPQQrqlU-4Mw8wAbGy9TaOFuzf4\/view?usp=sharing\">https:\/\/drive.google.com\/file\/d\/1U7iZWIPQQrqlU-4Mw8wAbGy9TaOFuzf4\/view?usp=sharing<\/a> &nbsp;&#8211; \u0142ama\u0144ce logopedyczne<\/p>\n<p style=\"text-align: left;\"><a href=\"https:\/\/drive.google.com\/file\/d\/1lxkd3Vw0kAADTQ8Fb0QKxr0TMSW5ukWx\/view?usp=sharing\">https:\/\/drive.google.com\/file\/d\/1lxkd3Vw0kAADTQ8Fb0QKxr0TMSW5ukWx\/view?usp=sharing<\/a> &nbsp;&#8211; \u0107wiczenia j\u0119zyka<\/p>\n<p style=\"text-align: left;\"><a href=\"https:\/\/drive.google.com\/file\/d\/1YEJdvXlrBagHZcplQkwQhOVUyIPqdDRh\/view?usp=sharing\">https:\/\/drive.google.com\/file\/d\/1YEJdvXlrBagHZcplQkwQhOVUyIPqdDRh\/view?usp=sharing<\/a>&nbsp; &#8211; wakacyjne \u0107wiczenia logopedyczne<\/p>\n<p style=\"text-align: right;\"><strong>\u017byczymy przyjemnych i weso\u0142ych wakacyjnych zabaw logopedycznych!<\/strong><\/p>\n<p style=\"text-align: right;\"><strong>&nbsp;M. <\/strong><strong>Grabczak, M.Ka\u017amierczak<\/strong><\/p>\n<p style=\"text-align: left;\"><strong>&nbsp;<\/strong><\/p>\n<p style=\"text-align: left;\">&nbsp;<\/p>\n<p>[\/vc_column_text][\/vc_column][\/vc_row][vc_row][vc_column][vc_single_image image=&#8221;27139&#8243; img_size=&#8221;full&#8221; alignment=&#8221;center&#8221; onclick=&#8221;img_link_large&#8221; img_link_target=&#8221;_blank&#8221;][\/vc_column][\/vc_row]<\/p>\n","protected":false},"excerpt":{"rendered":"<p>[vc_row][vc_column][vc_column_text] Wakacyjne rady logopedyczne! Drodzy Rodzice! Ju\u017c za moment rozpoczynaj\u0105 si\u0119 wakacje, ale nie wakacje od pracy z poprawn\u0105 wymow\u0105. Im d\u0142u\u017csza przerwa w \u0107wiczeniach \u2013 tym wi\u0119ksze ryzyko niechcianych zmian. Pami\u0119tajcie o codziennych \u0107wiczeniach narz\u0105d\u00f3w mowy, oddechowych oraz artykulacyjnych.<\/p>\n","protected":false},"author":1,"featured_media":0,"parent":0,"menu_order":0,"comment_status":"closed","ping_status":"closed","template":"","meta":{"ngg_post_thumbnail":0,"footnotes":""},"class_list":["post-27138","page","type-page","status-publish","hentry"],"uagb_featured_image_src":{"full":false,"thumbnail":false,"medium":false,"medium_large":false,"large":false,"1536x1536":false,"2048x2048":false,"post-thumbnail":false},"uagb_author_info":{"display_name":"admin","author_link":"https:\/\/spsiennica.pl\/index.php\/author\/admin\/"},"uagb_comment_info":0,"uagb_excerpt":"[vc_row][vc_column][vc_column_text] Wakacyjne rady logopedyczne! Drodzy Rodzice! Ju\u017c za moment rozpoczynaj\u0105 si\u0119 wakacje, ale nie wakacje od pracy z poprawn\u0105 wymow\u0105. Im d\u0142u\u017csza przerwa w \u0107wiczeniach \u2013 tym wi\u0119ksze ryzyko niechcianych zmian. Pami\u0119tajcie o codziennych \u0107wiczeniach narz\u0105d\u00f3w mowy, oddechowych oraz artykulacyjnych.","_links":{"self":[{"href":"https:\/\/spsiennica.pl\/index.php\/wp-json\/wp\/v2\/pages\/27138","targetHints":{"allow":["GET"]}}],"collection":[{"href":"https:\/\/spsiennica.pl\/index.php\/wp-json\/wp\/v2\/pages"}],"about":[{"href":"https:\/\/spsiennica.pl\/index.php\/wp-json\/wp\/v2\/types\/page"}],"author":[{"embeddable":true,"href":"https:\/\/spsiennica.pl\/index.php\/wp-json\/wp\/v2\/users\/1"}],"replies":[{"embeddable":true,"href":"https:\/\/spsiennica.pl\/index.php\/wp-json\/wp\/v2\/comments?post=27138"}],"version-history":[{"count":2,"href":"https:\/\/spsiennica.pl\/index.php\/wp-json\/wp\/v2\/pages\/27138\/revisions"}],"predecessor-version":[{"id":27141,"href":"https:\/\/spsiennica.pl\/index.php\/wp-json\/wp\/v2\/pages\/27138\/revisions\/27141"}],"wp:attachment":[{"href":"https:\/\/spsiennica.pl\/index.php\/wp-json\/wp\/v2\/media?parent=27138"}],"curies":[{"name":"wp","href":"https:\/\/api.w.org\/{rel}","templated":true}]}}