{"id":23,"date":"2015-11-25T07:33:06","date_gmt":"2015-11-25T06:33:06","guid":{"rendered":"http:\/\/smartyschool.stylemixthemes.com\/?page_id=23"},"modified":"2026-02-09T14:18:24","modified_gmt":"2026-02-09T13:18:24","slug":"contacts","status":"publish","type":"page","link":"https:\/\/spsiennica.pl\/index.php\/contacts\/","title":{"rendered":"Kontakt"},"content":{"rendered":"<p>[vc_row full_width=&#8221;stretch_row_content_no_spaces&#8221; disable_element=&#8221;yes&#8221;][vc_column][stm_google_map height=&#8221;482px&#8221; zoom=&#8221;16&#8243; latitude=&#8221;51.000595&#8243; longitude=&#8221;23.297682&#8243;][\/vc_column][\/vc_row][vc_row css=&#8221;.vc_custom_1454997176980{padding-top: 73px !important;padding-bottom: 96px !important;}&#8221;][vc_column offset=&#8221;vc_col-lg-4 vc_col-md-5 vc_col-xs-12&#8243;][stm_title title_tag=&#8221;h2&#8243; sep_color=&#8221;green&#8221; sep_enable=&#8221;true&#8221; title=&#8221;Kontakt&#8221;][\/stm_title][stm_contact_person img_id=&#8221;3270&#8243; name=&#8221;Olga Franczak&#8221; question=&#8221;Sekretarz szko\u0142y&#8221; tel=&#8221;(82)5759214&#8243; email=&#8221;sekretariat@spsiennica.pl&#8221; css=&#8221;.vc_custom_1581583124284{margin-bottom: 50px !important;}&#8221;][stm_contact_person img_id=&#8221;3270&#8243; name=&#8221;G\u0142\u00f3wna Ksi\u0119gowa&#8221; question=&#8221;Janina Staszak&#8221; tel=&#8221;(82)5759228&#8243; email=&#8221;ksiegowosc@spsiennica.pl&#8221;][\/vc_column][vc_column offset=&#8221;vc_col-lg-8 vc_col-md-7 vc_col-xs-12&#8243;][stm_title title_tag=&#8221;h2&#8243; sep_color=&#8221;green&#8221; sep_enable=&#8221;true&#8221; title=&#8221;Adres do dor\u0119cze\u0144 elektronicznych&#8221;][\/stm_title][stm_title title_tag=&#8221;h3&#8243; title=&#8221;AE:PL-96436-95106-ASBGA-23&#8243;][\/stm_title][\/vc_column][\/vc_row]<\/p>\n","protected":false},"excerpt":{"rendered":"<p>[vc_row full_width=&#8221;stretch_row_content_no_spaces&#8221; disable_element=&#8221;yes&#8221;][vc_column][stm_google_map height=&#8221;482px&#8221; zoom=&#8221;16&#8243; latitude=&#8221;51.000595&#8243; longitude=&#8221;23.297682&#8243;][\/vc_column][\/vc_row][vc_row css=&#8221;.vc_custom_1454997176980{padding-top: 73px !important;padding-bottom: 96px !important;}&#8221;][vc_column offset=&#8221;vc_col-lg-4 vc_col-md-5 vc_col-xs-12&#8243;][stm_title title_tag=&#8221;h2&#8243; sep_color=&#8221;green&#8221; sep_enable=&#8221;true&#8221; title=&#8221;Kontakt&#8221;][\/stm_title][stm_contact_person img_id=&#8221;3270&#8243; name=&#8221;Olga Franczak&#8221; question=&#8221;Sekretarz szko\u0142y&#8221; tel=&#8221;(82)5759214&#8243; email=&#8221;sekretariat@spsiennica.pl&#8221; css=&#8221;.vc_custom_1581583124284{margin-bottom: 50px !important;}&#8221;][stm_contact_person img_id=&#8221;3270&#8243; name=&#8221;G\u0142\u00f3wna Ksi\u0119gowa&#8221; question=&#8221;Janina Staszak&#8221; tel=&#8221;(82)5759228&#8243; email=&#8221;ksiegowosc@spsiennica.pl&#8221;][\/vc_column][vc_column offset=&#8221;vc_col-lg-8 vc_col-md-7 vc_col-xs-12&#8243;][stm_title title_tag=&#8221;h2&#8243; sep_color=&#8221;green&#8221; sep_enable=&#8221;true&#8221; title=&#8221;Adres do dor\u0119cze\u0144 elektronicznych&#8221;][\/stm_title][stm_title title_tag=&#8221;h3&#8243; title=&#8221;AE:PL-96436-95106-ASBGA-23&#8243;][\/stm_title][\/vc_column][\/vc_row]<\/p>\n","protected":false},"author":1,"featured_media":0,"parent":0,"menu_order":0,"comment_status":"closed","ping_status":"closed","template":"","meta":{"ngg_post_thumbnail":0,"footnotes":""},"class_list":["post-23","page","type-page","status-publish","hentry"],"uagb_featured_image_src":{"full":false,"thumbnail":false,"medium":false,"medium_large":false,"large":false,"1536x1536":false,"2048x2048":false,"post-thumbnail":false},"uagb_author_info":{"display_name":"admin","author_link":"https:\/\/spsiennica.pl\/index.php\/author\/admin\/"},"uagb_comment_info":0,"uagb_excerpt":"[vc_row full_width=&#8221;stretch_row_content_no_spaces&#8221; disable_element=&#8221;yes&#8221;][vc_column][stm_google_map height=&#8221;482px&#8221; zoom=&#8221;16&#8243; latitude=&#8221;51.000595&#8243; longitude=&#8221;23.297682&#8243;][\/vc_column][\/vc_row][vc_row css=&#8221;.vc_custom_1454997176980{padding-top: 73px !important;padding-bottom: 96px !important;}&#8221;][vc_column offset=&#8221;vc_col-lg-4 vc_col-md-5 vc_col-xs-12&#8243;][stm_title title_tag=&#8221;h2&#8243; sep_color=&#8221;green&#8221; sep_enable=&#8221;true&#8221; title=&#8221;Kontakt&#8221;][\/stm_title][stm_contact_person img_id=&#8221;3270&#8243; name=&#8221;Olga Franczak&#8221; question=&#8221;Sekretarz szko\u0142y&#8221; tel=&#8221;(82)5759214&#8243; email=&#8221;sekretariat@spsiennica.pl&#8221; css=&#8221;.vc_custom_1581583124284{margin-bottom: 50px !important;}&#8221;][stm_contact_person img_id=&#8221;3270&#8243; name=&#8221;G\u0142\u00f3wna Ksi\u0119gowa&#8221; question=&#8221;Janina Staszak&#8221; tel=&#8221;(82)5759228&#8243; email=&#8221;ksiegowosc@spsiennica.pl&#8221;][\/vc_column][vc_column offset=&#8221;vc_col-lg-8 vc_col-md-7 vc_col-xs-12&#8243;][stm_title title_tag=&#8221;h2&#8243; sep_color=&#8221;green&#8221; sep_enable=&#8221;true&#8221; title=&#8221;Adres do dor\u0119cze\u0144 elektronicznych&#8221;][\/stm_title][stm_title title_tag=&#8221;h3&#8243; title=&#8221;AE:PL-96436-95106-ASBGA-23&#8243;][\/stm_title][\/vc_column][\/vc_row]","_links":{"self":[{"href":"https:\/\/spsiennica.pl\/index.php\/wp-json\/wp\/v2\/pages\/23","targetHints":{"allow":["GET"]}}],"collection":[{"href":"https:\/\/spsiennica.pl\/index.php\/wp-json\/wp\/v2\/pages"}],"about":[{"href":"https:\/\/spsiennica.pl\/index.php\/wp-json\/wp\/v2\/types\/page"}],"author":[{"embeddable":true,"href":"https:\/\/spsiennica.pl\/index.php\/wp-json\/wp\/v2\/users\/1"}],"replies":[{"embeddable":true,"href":"https:\/\/spsiennica.pl\/index.php\/wp-json\/wp\/v2\/comments?post=23"}],"version-history":[{"count":30,"href":"https:\/\/spsiennica.pl\/index.php\/wp-json\/wp\/v2\/pages\/23\/revisions"}],"predecessor-version":[{"id":56071,"href":"https:\/\/spsiennica.pl\/index.php\/wp-json\/wp\/v2\/pages\/23\/revisions\/56071"}],"wp:attachment":[{"href":"https:\/\/spsiennica.pl\/index.php\/wp-json\/wp\/v2\/media?parent=23"}],"curies":[{"name":"wp","href":"https:\/\/api.w.org\/{rel}","templated":true}]}}